{"id":5069,"date":"2023-11-24T18:24:43","date_gmt":"2023-11-24T18:24:43","guid":{"rendered":"https:\/\/domaineshannon.com\/?page_id=5069"},"modified":"2023-11-24T18:51:01","modified_gmt":"2023-11-24T18:51:01","slug":"politique-de-confidentialite","status":"publish","type":"page","link":"https:\/\/domaineshannon.com\/en\/politique-de-confidentialite\/","title":{"rendered":"Politique de confidentialit\u00e9"},"content":{"rendered":"\t\t<div data-elementor-type=\"wp-post\" data-elementor-id=\"5069\" class=\"elementor elementor-5069\" data-elementor-post-type=\"page\">\n\t\t\t\t\t\t<section class=\"elementor-section elementor-top-section elementor-element elementor-element-3879516 elementor-section-height-min-height elementor-section-full_width elementor-section-height-default elementor-section-items-middle\" data-id=\"3879516\" data-element_type=\"section\" data-e-type=\"section\" data-settings=\"{&quot;jet_parallax_layout_list&quot;:[{&quot;jet_parallax_layout_image&quot;:{&quot;url&quot;:&quot;&quot;,&quot;id&quot;:&quot;&quot;,&quot;size&quot;:&quot;&quot;},&quot;_id&quot;:&quot;e546882&quot;,&quot;jet_parallax_layout_speed&quot;:{&quot;unit&quot;:&quot;%&quot;,&quot;size&quot;:&quot;50&quot;,&quot;sizes&quot;:[]},&quot;jet_parallax_layout_bg_x&quot;:&quot;50&quot;,&quot;jet_parallax_layout_bg_y&quot;:&quot;50&quot;,&quot;jet_parallax_layout_image_tablet_extra&quot;:{&quot;url&quot;:&quot;&quot;,&quot;id&quot;:&quot;&quot;,&quot;size&quot;:&quot;&quot;},&quot;jet_parallax_layout_image_tablet&quot;:{&quot;url&quot;:&quot;&quot;,&quot;id&quot;:&quot;&quot;,&quot;size&quot;:&quot;&quot;},&quot;jet_parallax_layout_image_mobile&quot;:{&quot;url&quot;:&quot;&quot;,&quot;id&quot;:&quot;&quot;,&quot;size&quot;:&quot;&quot;},&quot;jet_parallax_layout_type&quot;:&quot;scroll&quot;,&quot;jet_parallax_layout_direction&quot;:&quot;1&quot;,&quot;jet_parallax_layout_fx_direction&quot;:null,&quot;jet_parallax_layout_z_index&quot;:&quot;&quot;,&quot;jet_parallax_layout_bg_x_tablet_extra&quot;:&quot;&quot;,&quot;jet_parallax_layout_bg_x_tablet&quot;:&quot;&quot;,&quot;jet_parallax_layout_bg_x_mobile&quot;:&quot;&quot;,&quot;jet_parallax_layout_bg_y_tablet_extra&quot;:&quot;&quot;,&quot;jet_parallax_layout_bg_y_tablet&quot;:&quot;&quot;,&quot;jet_parallax_layout_bg_y_mobile&quot;:&quot;&quot;,&quot;jet_parallax_layout_bg_size&quot;:&quot;auto&quot;,&quot;jet_parallax_layout_bg_size_tablet_extra&quot;:&quot;&quot;,&quot;jet_parallax_layout_bg_size_tablet&quot;:&quot;&quot;,&quot;jet_parallax_layout_bg_size_mobile&quot;:&quot;&quot;,&quot;jet_parallax_layout_animation_prop&quot;:&quot;transform&quot;,&quot;jet_parallax_layout_on&quot;:[&quot;desktop&quot;,&quot;tablet&quot;]}],&quot;background_background&quot;:&quot;classic&quot;,&quot;background_motion_fx_motion_fx_scrolling&quot;:&quot;yes&quot;,&quot;background_motion_fx_scale_effect&quot;:&quot;yes&quot;,&quot;animation&quot;:&quot;none&quot;,&quot;background_motion_fx_scale_direction&quot;:&quot;out-in&quot;,&quot;background_motion_fx_scale_speed&quot;:{&quot;unit&quot;:&quot;px&quot;,&quot;size&quot;:4,&quot;sizes&quot;:[]},&quot;background_motion_fx_scale_range&quot;:{&quot;unit&quot;:&quot;%&quot;,&quot;size&quot;:&quot;&quot;,&quot;sizes&quot;:{&quot;start&quot;:20,&quot;end&quot;:80}},&quot;background_motion_fx_devices&quot;:[&quot;desktop&quot;,&quot;tablet_extra&quot;,&quot;tablet&quot;,&quot;mobile&quot;]}\">\n\t\t\t\t\t\t\t<div class=\"elementor-background-overlay\"><\/div>\n\t\t\t\t\t\t\t<div class=\"elementor-container elementor-column-gap-default\">\n\t\t\t\t\t<div class=\"elementor-column elementor-col-100 elementor-top-column elementor-element elementor-element-21e7604\" data-id=\"21e7604\" data-element_type=\"column\" data-e-type=\"column\">\n\t\t\t<div class=\"elementor-widget-wrap elementor-element-populated\">\n\t\t\t\t\t\t<div class=\"elementor-element elementor-element-19b6b9a elementor-widget elementor-widget-heading\" data-id=\"19b6b9a\" data-element_type=\"widget\" data-e-type=\"widget\" data-widget_type=\"heading.default\">\n\t\t\t\t<div class=\"elementor-widget-container\">\n\t\t\t\t\t<h1 class=\"elementor-heading-title elementor-size-default\">Politique de confidentialit\u00e9<\/h1>\t\t\t\t<\/div>\n\t\t\t\t<\/div>\n\t\t\t\t<div class=\"elementor-element elementor-element-78ed77e elementor-view-default elementor-widget elementor-widget-icon\" data-id=\"78ed77e\" data-element_type=\"widget\" data-e-type=\"widget\" data-widget_type=\"icon.default\">\n\t\t\t\t<div class=\"elementor-widget-container\">\n\t\t\t\t\t\t\t<div class=\"elementor-icon-wrapper\">\n\t\t\t<a class=\"elementor-icon\" href=\"#contenu\">\n\t\t\t<i aria-hidden=\"true\" class=\"fas fa-arrow-down\"><\/i>\t\t\t<\/a>\n\t\t<\/div>\n\t\t\t\t\t\t<\/div>\n\t\t\t\t<\/div>\n\t\t\t\t\t<\/div>\n\t\t<\/div>\n\t\t\t\t\t<\/div>\n\t\t<\/section>\n\t\t\t\t<section class=\"elementor-section elementor-top-section elementor-element elementor-element-515a281 elementor-section-full_width elementor-section-height-default elementor-section-height-default\" data-id=\"515a281\" data-element_type=\"section\" data-e-type=\"section\" data-settings=\"{&quot;jet_parallax_layout_list&quot;:[{&quot;jet_parallax_layout_image&quot;:{&quot;url&quot;:&quot;&quot;,&quot;id&quot;:&quot;&quot;,&quot;size&quot;:&quot;&quot;},&quot;_id&quot;:&quot;19c5b98&quot;,&quot;jet_parallax_layout_speed&quot;:{&quot;unit&quot;:&quot;%&quot;,&quot;size&quot;:&quot;50&quot;,&quot;sizes&quot;:[]},&quot;jet_parallax_layout_bg_x&quot;:&quot;50&quot;,&quot;jet_parallax_layout_bg_y&quot;:&quot;50&quot;,&quot;jet_parallax_layout_image_tablet_extra&quot;:{&quot;url&quot;:&quot;&quot;,&quot;id&quot;:&quot;&quot;,&quot;size&quot;:&quot;&quot;},&quot;jet_parallax_layout_image_tablet&quot;:{&quot;url&quot;:&quot;&quot;,&quot;id&quot;:&quot;&quot;,&quot;size&quot;:&quot;&quot;},&quot;jet_parallax_layout_image_mobile&quot;:{&quot;url&quot;:&quot;&quot;,&quot;id&quot;:&quot;&quot;,&quot;size&quot;:&quot;&quot;},&quot;jet_parallax_layout_type&quot;:&quot;scroll&quot;,&quot;jet_parallax_layout_direction&quot;:&quot;1&quot;,&quot;jet_parallax_layout_fx_direction&quot;:null,&quot;jet_parallax_layout_z_index&quot;:&quot;&quot;,&quot;jet_parallax_layout_bg_x_tablet_extra&quot;:&quot;&quot;,&quot;jet_parallax_layout_bg_x_tablet&quot;:&quot;&quot;,&quot;jet_parallax_layout_bg_x_mobile&quot;:&quot;&quot;,&quot;jet_parallax_layout_bg_y_tablet_extra&quot;:&quot;&quot;,&quot;jet_parallax_layout_bg_y_tablet&quot;:&quot;&quot;,&quot;jet_parallax_layout_bg_y_mobile&quot;:&quot;&quot;,&quot;jet_parallax_layout_bg_size&quot;:&quot;auto&quot;,&quot;jet_parallax_layout_bg_size_tablet_extra&quot;:&quot;&quot;,&quot;jet_parallax_layout_bg_size_tablet&quot;:&quot;&quot;,&quot;jet_parallax_layout_bg_size_mobile&quot;:&quot;&quot;,&quot;jet_parallax_layout_animation_prop&quot;:&quot;transform&quot;,&quot;jet_parallax_layout_on&quot;:[&quot;desktop&quot;,&quot;tablet&quot;]}],&quot;background_background&quot;:&quot;classic&quot;}\">\n\t\t\t\t\t\t<div class=\"elementor-container elementor-column-gap-default\">\n\t\t\t\t\t<div class=\"elementor-column elementor-col-100 elementor-top-column elementor-element elementor-element-0bd268b\" data-id=\"0bd268b\" data-element_type=\"column\" data-e-type=\"column\">\n\t\t\t<div class=\"elementor-widget-wrap elementor-element-populated\">\n\t\t\t\t\t\t<div class=\"elementor-element elementor-element-d4af076 elementor-widget elementor-widget-menu-anchor\" data-id=\"d4af076\" data-element_type=\"widget\" data-e-type=\"widget\" data-widget_type=\"menu-anchor.default\">\n\t\t\t\t<div class=\"elementor-widget-container\">\n\t\t\t\t\t\t\t<div class=\"elementor-menu-anchor\" id=\"contenu\"><\/div>\n\t\t\t\t\t\t<\/div>\n\t\t\t\t<\/div>\n\t\t\t\t<section class=\"elementor-section elementor-inner-section elementor-element elementor-element-50a5a03 elementor-section-full_width elementor-section-height-default elementor-section-height-default\" data-id=\"50a5a03\" data-element_type=\"section\" data-e-type=\"section\" data-settings=\"{&quot;jet_parallax_layout_list&quot;:[{&quot;jet_parallax_layout_image&quot;:{&quot;url&quot;:&quot;&quot;,&quot;id&quot;:&quot;&quot;,&quot;size&quot;:&quot;&quot;},&quot;_id&quot;:&quot;319c575&quot;,&quot;jet_parallax_layout_image_tablet_extra&quot;:{&quot;url&quot;:&quot;&quot;,&quot;id&quot;:&quot;&quot;,&quot;size&quot;:&quot;&quot;},&quot;jet_parallax_layout_image_tablet&quot;:{&quot;url&quot;:&quot;&quot;,&quot;id&quot;:&quot;&quot;,&quot;size&quot;:&quot;&quot;},&quot;jet_parallax_layout_image_mobile&quot;:{&quot;url&quot;:&quot;&quot;,&quot;id&quot;:&quot;&quot;,&quot;size&quot;:&quot;&quot;},&quot;jet_parallax_layout_speed&quot;:{&quot;unit&quot;:&quot;%&quot;,&quot;size&quot;:50,&quot;sizes&quot;:[]},&quot;jet_parallax_layout_type&quot;:&quot;scroll&quot;,&quot;jet_parallax_layout_direction&quot;:&quot;1&quot;,&quot;jet_parallax_layout_fx_direction&quot;:null,&quot;jet_parallax_layout_z_index&quot;:&quot;&quot;,&quot;jet_parallax_layout_bg_x&quot;:50,&quot;jet_parallax_layout_bg_x_tablet_extra&quot;:&quot;&quot;,&quot;jet_parallax_layout_bg_x_tablet&quot;:&quot;&quot;,&quot;jet_parallax_layout_bg_x_mobile&quot;:&quot;&quot;,&quot;jet_parallax_layout_bg_y&quot;:50,&quot;jet_parallax_layout_bg_y_tablet_extra&quot;:&quot;&quot;,&quot;jet_parallax_layout_bg_y_tablet&quot;:&quot;&quot;,&quot;jet_parallax_layout_bg_y_mobile&quot;:&quot;&quot;,&quot;jet_parallax_layout_bg_size&quot;:&quot;auto&quot;,&quot;jet_parallax_layout_bg_size_tablet_extra&quot;:&quot;&quot;,&quot;jet_parallax_layout_bg_size_tablet&quot;:&quot;&quot;,&quot;jet_parallax_layout_bg_size_mobile&quot;:&quot;&quot;,&quot;jet_parallax_layout_animation_prop&quot;:&quot;transform&quot;,&quot;jet_parallax_layout_on&quot;:[&quot;desktop&quot;,&quot;tablet&quot;]}]}\">\n\t\t\t\t\t\t<div class=\"elementor-container elementor-column-gap-default\">\n\t\t\t\t\t<div class=\"elementor-column elementor-col-100 elementor-inner-column elementor-element elementor-element-eece3b1\" data-id=\"eece3b1\" data-element_type=\"column\" data-e-type=\"column\">\n\t\t\t<div class=\"elementor-widget-wrap elementor-element-populated\">\n\t\t\t\t\t\t<div class=\"elementor-element elementor-element-2054eb9 elementor-widget elementor-widget-text-editor\" data-id=\"2054eb9\" data-element_type=\"widget\" data-e-type=\"widget\" data-widget_type=\"text-editor.default\">\n\t\t\t\t<div class=\"elementor-widget-container\">\n\t\t\t\t\t\t\t\t\t<p>Bienvenue sur le site internet de Domaine Shannon (domaineshannon.com) (ci-apr\u00e8s le \u00ab Site \u00bb). Ce Site appartient et est exploit\u00e9 par Domaine Shannon, soci\u00e9t\u00e9 valablement constitu\u00e9e selon la <i>Loi sur les soci\u00e9t\u00e9s par actions<\/i>. Vous trouverez ici notre <strong>politique de confidentialit\u00e9<\/strong> en lien avec la consultation de ce site ainsi que les <strong>conditions d\u2019utilisation<\/strong> du pr\u00e9sent site.<\/p><h2>\u00a0<\/h2><h2>NOTRE POLITIQUE DE CONFIDENTIALIT\u00c9<\/h2><p>Devant le d\u00e9veloppement des nouveaux outils de communication, il est n\u00e9cessaire de porter une attention particuli\u00e8re \u00e0 la protection de la vie priv\u00e9e. C\u2019est pourquoi, nous nous engageons \u00e0 respecter la confidentialit\u00e9 des renseignements personnels que nous collectons lorsque vous visitez ce site.<\/p><h3>\u00a0<\/h3><h3>Collecte des renseignements personnels<\/h3><ul><li>Pr\u00e9nom<\/li><li>Nom<\/li><li>Adresse \u00e9lectronique<\/li><li>Num\u00e9ro de t\u00e9l\u00e9phone<\/li><\/ul><p>\u00a0<\/p><p>Les renseignements personnels que nous collectons sont recueillis au travers de formulaires et gr\u00e2ce \u00e0 l\u2019interactivit\u00e9 \u00e9tablie entre vous et notre site Web. Nous utilisons \u00e9galement, comme indiqu\u00e9 dans la section suivante, des fichiers t\u00e9moins et\/ou journaux pour r\u00e9unir des informations vous concernant.<\/p><h3>\u00a0<\/h3><h3>Formulaires et interactivit\u00e9<\/h3><p>Vos renseignements personnels sont collect\u00e9s par le biais de formulaire, \u00e0 savoir :<\/p><ul><li>Formulaire de prise de contact<\/li><\/ul><p>\u00a0<\/p><p>Vos renseignements sont \u00e9galement collect\u00e9s gr\u00e2ce \u00e0 l&#8217;interactivit\u00e9 \u00e9tablie entre vous et notre site web, et ce, de la fa\u00e7on suivante :<\/p><ul><li>Contact<\/li><li>Statistiques<\/li><\/ul><p>\u00a0<\/p><p>Nous utilisons les renseignements ainsi collect\u00e9s pour les finalit\u00e9s suivantes :<\/p><ul><li>Suivi de la prise de contact<\/li><li>Statistiques<\/li><li>Gestion du site web (pr\u00e9sentation, organisation)<\/li><li>Commentaires<\/li><li>Correspondance<\/li><li>Informations ou offres promotionnelles<\/li><\/ul><h3>\u00a0<\/h3><h3>Utilisation de t\u00e9moins ou t\u00e9moins<\/h3><p>Ce Site stocke des t\u00e9moins sur votre appareil. Ces t\u00e9moins sont utilis\u00e9s pour collecter des informations sur la mani\u00e8re dont vous interagissez avec notre Site et nous permettent de nous souvenir de vous. Nous utilisons ces informations afin d\u2019am\u00e9liorer et de personnaliser votre exp\u00e9rience de navigation, ainsi que de r\u00e9aliser des analyses et des statistiques relatives \u00e0 nos utilisateurs, \u00e0 la fois sur ce site et sur d\u2019autres supports.<\/p><p>Ces types de t\u00e9moins sont ou peuvent \u00eatre utilis\u00e9s sur le Site :<\/p><p>T\u00e9moins n\u00e9cessaires: Les t\u00e9moins n\u00e9cessaires sont cruciaux pour les fonctions de base du site Web et celui-ci ne fonctionnera pas comme pr\u00e9vu sans eux. Ces t\u00e9moins ne stockent aucune donn\u00e9e personnellement identifiable.<\/p><p>T\u00e9moins fonctionnels : Certains t\u00e9moins assurent le fonctionnement correct de certaines parties du Site et la prise en compte de vos pr\u00e9f\u00e9rences en tant qu\u2019utilisateur. En pla\u00e7ant des t\u00e9moins fonctionnels, nous vous facilitons la visite de notre Site.<\/p><p>T\u00e9moins analytiques: Les t\u00e9moins analytiques sont utilis\u00e9s pour comprendre comment les visiteurs interagissent avec le site Web. Ces t\u00e9moins aident \u00e0 fournir des informations sur le nombre de visiteurs, le taux de rebond, la source de trafic, etc.<\/p><p>T\u00e9moins de performance: Les t\u00e9moins de performance sont utilis\u00e9s pour comprendre et analyser les indices de performance cl\u00e9s du site Web, ce qui permet de fournir une meilleure exp\u00e9rience utilisateur aux visiteurs.<\/p><p>T\u00e9moins de marketing\/suivi : Les t\u00e9moins de marketing\/suivi sont utilis\u00e9s pour cr\u00e9er des profils d\u2019utilisateurs, d\u2019afficher de la publicit\u00e9 ou suivre les utilisateurs sur le Site ou d\u2019autres sites \u00e0 des fins de marketing.<\/p><p>Si vous ne souhaitez pas que des t\u00e9moins soient enregistr\u00e9s sur votre appareil, vous pouvez les d\u00e9sactiver dans votre navigateur.<\/p><h3>\u00a0<\/h3><h3>Droit d\u2019opposition et de retrait<\/h3><p>Nous nous engageons \u00e0 vous offrir un droit d\u2019opposition et de retrait quant \u00e0 vos renseignements personnels.<\/p><p>Le droit d\u2019opposition s\u2019entend comme \u00e9tant la possibilit\u00e9 offerte aux internautes de refuser que leurs renseignements personnels soient utilis\u00e9s \u00e0 certaines fins mentionn\u00e9es lors de la collecte.<\/p><p>Le droit de retrait s\u2019entend comme \u00e9tant la possibilit\u00e9 offerte aux internautes de demander \u00e0 ce que leurs renseignements personnels ne figurent plus, par exemple, dans une liste de diffusion.<\/p><p>Pour pouvoir exercer ces droits, vous pouvez communiquer avec nous par courriel \u00e0 Serge Danis, <a class=\"politique\" href=\"mailto:info@domaineshannon.com\">info@domaineshannon.com<\/a>.<\/p><h3>\u00a0<\/h3><h3>Droit d\u2019acc\u00e8s<\/h3><p>Nous nous engageons \u00e0 reconna\u00eetre un droit d\u2019acc\u00e8s et de rectification aux personnes concern\u00e9es d\u00e9sireuses de consulter, modifier, voire radier les informations les concernant.<\/p><p>L\u2019exercice de ce droit se fera par courriel \u00e0 Serge Danis, <a class=\"politique\" href=\"mailto:info@domaineshannon.com\">info@domaineshannon.com<\/a>.<\/p><h3>\u00a0<\/h3><h3>S\u00e9curit\u00e9<\/h3><p>Les renseignements personnels que nous collectons sont conserv\u00e9s dans un environnement s\u00e9curis\u00e9. Les personnes travaillant pour nous sont tenues de respecter la confidentialit\u00e9 de vos informations.<\/p><p>Pour assurer la s\u00e9curit\u00e9 de vos renseignements personnels, nous avons recours aux mesures suivantes :<\/p><ul><li>Protocole SSL (Secure Sockets Layer)<\/li><li>Protocole SET (Secure Electronic Transaction)<\/li><li>Identifiant \/ mot de passe<\/li><li>Pare-feu (Firewalls)<\/li><\/ul><p>\u00a0<\/p><p>Nous nous engageons \u00e0 maintenir un haut degr\u00e9 de confidentialit\u00e9 en int\u00e9grant les derni\u00e8res innovations technologiques permettant d\u2019assurer la confidentialit\u00e9 de vos renseignements personnels. Toutefois, comme aucun m\u00e9canisme n\u2019offre une s\u00e9curit\u00e9 maximale, une part de risque est toujours pr\u00e9sente lorsque l\u2019on utilise Internet pour transmettre des renseignements personnels.<\/p><h3>\u00a0<\/h3><h3>L\u00e9gislation<\/h3><p>Nous nous engageons \u00e0 respecter les dispositions l\u00e9gislatives \u00e9nonc\u00e9es dans la pr\u00e9sente politique de confidentialit\u00e9.<\/p><p>Pour toutes questions ou demandes de retrait, veuillez vous adresser \u00e0 Serge Danis, <a class=\"politique\" href=\"mailto:info@domaineshannon.com\">info@domaineshannon.com<\/a>.<\/p><h3>\u00a0<\/h3><h3>CONDITIONS G\u00c9N\u00c9RALES D\u2019UTILISATION<\/h3><p>Les pr\u00e9sentes conditions g\u00e9n\u00e9rales d\u00e9finissent les conditions dans lesquelles les utilisateurs peuvent visiter et utiliser le Site. En acc\u00e9dant ou en utilisant le Site, vous acceptez d\u2019\u00eatre li\u00e9 par les pr\u00e9sentes conditions. Dans le cas contraire, ou vous refuseriez d\u2019\u00eatre li\u00e9 par les pr\u00e9sentes conditions, nous vous demandons de quitter le Site imm\u00e9diatement.<br \/>Vous d\u00e9clarez \u00eatre majeur(e) et poss\u00e9der l\u2019autorit\u00e9 l\u00e9gale, le droit et le pouvoir de conclure un accord contraignant bas\u00e9 sur les pr\u00e9sentes conditions, et d\u2019utiliser les services fournis Domaine Shannon. Si vous n\u2019\u00eates pas majeur(e), vous ne pouvez utiliser le Site et les services fournis qu\u2019avec le consentement de vos parents ou de votre tuteur l\u00e9gal.<\/p><h3>\u00a0<\/h3><h3>Propri\u00e9t\u00e9 intellectuelle<\/h3><p>Le Site et son contenu sont sous la protection de la Loi sur le droit d\u2019auteur.<br \/>Nos services et le contenu qui y est associ\u00e9 comprenant, mais sans s\u2019y limiter, les textes, les images, les vid\u00e9os, les strat\u00e9gies, les hyperliens, les informations, les marques de commerces et tous les droits de propri\u00e9t\u00e9 intellectuelle y aff\u00e9rant sont notre propri\u00e9t\u00e9 et sous notre licence et rien dans les pr\u00e9sentes ne vous accorde de droit en relation avec notre propri\u00e9t\u00e9 intellectuelle.<\/p><h3>\u00a0<\/h3><h3>Usage acceptable<\/h3><p>Notre contenu et nos services vous sont fournis \u00e0 titre informatif et pour un usage personnel et non commercial.<br \/>Sauf dans les cas express\u00e9ment exprim\u00e9s dans les pr\u00e9sentes conditions ou dans les lois applicables, vous ne devez pas utiliser nos services de mani\u00e8re ill\u00e9gale ou frauduleuse, modifier ou utiliser nos avis de droits d\u2019auteurs de marques de commerce ou d\u2019autres droit de propri\u00e9t\u00e9, ou interf\u00e9rer avec les caract\u00e9ristiques de s\u00e9curit\u00e9 de nos services, utiliser nos services de quelque mani\u00e8re que ce soit pour manipuler, d\u00e9former ou porter atteinte \u00e0 l\u2019int\u00e9grit\u00e9 du Site ou \u00e0 Domaine Shannon, bien adopter une conduite qui restreint ou emp\u00eache les autres utilisateurs d\u2019utiliser le site convenablement ou agir contrairement aux pr\u00e9sentes conditions d\u2019utilisation ou de quelque fa\u00e7on nuisible que ce soit.<\/p><h3>\u00a0<\/h3><h3>Exclusion de garantie<\/h3><p>Les services fournis le sont dans l\u2019\u00e9tat dans lequel ils sont rendus disponibles, sans aucune garantie concernant la s\u00e9curit\u00e9, la fiabilit\u00e9, la rapidit\u00e9, la pr\u00e9cision ou bien la performance de nos services. Nous ne garantissons pas que nos services gratuits soient fournis sans interruption ou sans erreur. L\u2019acc\u00e8s au Site pourrait \u00eatre suspendu ou limit\u00e9 \u00e0 des fins de maintenance ou de mises \u00e0 jour.<\/p><h3>\u00a0<\/h3><h3>Exon\u00e9ration<\/h3><p>Par les pr\u00e9sentes conditions, vous tenez indemne Domaine Shannon pour tous dommages, directs, indirects ou accessoires, d\u00e9pense r\u00e9elle ou all\u00e9gu\u00e9e, co\u00fbt ou responsabilit\u00e9 qui sont susceptibles de d\u00e9couler de l\u2019utilisation du Site ou de son contenu.<\/p><h3>\u00a0<\/h3><h3>Limitation de responsabilit\u00e9<\/h3><p>Domaine Shannon d\u00e9cline toute responsabilit\u00e9 relativement \u00e0 tout type de dommage ou de perte qui pourrait r\u00e9sulter de l\u2019utilisation du pr\u00e9sent Site ou de son contenu, de son utilisation ou de l\u2019incapacit\u00e9 \u00e0 l\u2019utiliser ou bien \u00e0 l\u2019utilisation de tout site li\u00e9 au pr\u00e9sent Site.<\/p><p>Domaine Shannon rejette \u00e9galement toute responsabilit\u00e9 concernant des virus ou l\u2019interception de renseignements personnels par des tiers sur le Site. Vous \u00eates le seul responsable de l\u2019utilisation ainsi que de l\u2019interpr\u00e9tation des informations contenues sur le Site.<\/p><h3>\u00a0<\/h3><h3>Protection des renseignements personnels<\/h3><p>Domaine Shannon respecte le droit \u00e0 la protection des renseignements personnels conform\u00e9ment aux lois du Qu\u00e9bec et du Canada relatives \u00e0 la protection de la vie priv\u00e9e.<br \/>Certains renseignements personnels pourraient \u00eatre recueillis dans le cadre de relations avec Domaine Shannon. Ces renseignements seront recueillis \u00e0 des fins pr\u00e9cises et ne seront pas \u00e9chang\u00e9s, diffus\u00e9s ou divulgu\u00e9s sans votre consentement, sauf exigence contraire de la loi.<\/p><p>Nous vous invitons \u00e0 consulter notre politique de confidentialit\u00e9 \u00e9nonc\u00e9e ci-haut afin d\u2019en apprendre davantage sur la gestion des renseignements personnels.<\/p><h3>\u00a0<\/h3><h3>\u00c9lection de domicile et lois applicables<\/h3><p>Tout recours judiciaire entrepris en lien avec le Site, le contenu et les informations y aff\u00e9rant devra \u00eatre entrepris devant les tribunaux judiciaires de la province de Qu\u00e9bec. Les pr\u00e9sentes conditions d\u2019utilisations sont r\u00e9gies et interpr\u00e9t\u00e9es conform\u00e9ment aux lois qu\u00e9b\u00e9coises et canadiennes applicables en la mati\u00e8re.<\/p><h3>\u00a0<\/h3><h3>Langue<\/h3><p>La langue fran\u00e7aise a pr\u00e9s\u00e9ance sur toute autre traduction des pr\u00e9sentes conditions d\u2019utilisation.<\/p><h3>\u00a0<\/h3><h3>Modification des conditions ou des services<\/h3><p>Nous nous r\u00e9servons le droit de modifier les pr\u00e9sentes conditions quand il sera n\u00e9cessaire de le faire, \u00e0 notre seule discr\u00e9tion. Par cons\u00e9quent, vous devez consulter ces conditions r\u00e9guli\u00e8rement. Dans le cas o\u00f9 les conditions seraient modifi\u00e9es, Domaine Shannon s\u2019engage \u00e0 notifier les utilisateurs convenablement.<\/p><p>Pour toute question quant aux conditions d\u2019utilisation ou concernant le site, veuillez communiquer avec nous en envoyant un courriel \u00e0 Serge Danis, <a class=\"politique\" href=\"mailto:info@domaineshannon.com\">info@domaineshannon.com<\/a>.<\/p>\t\t\t\t\t\t\t\t<\/div>\n\t\t\t\t<\/div>\n\t\t\t\t<div class=\"elementor-element elementor-element-47f6375 elementor-widget elementor-widget-spacer\" data-id=\"47f6375\" data-element_type=\"widget\" data-e-type=\"widget\" data-widget_type=\"spacer.default\">\n\t\t\t\t<div class=\"elementor-widget-container\">\n\t\t\t\t\t\t\t<div class=\"elementor-spacer\">\n\t\t\t<div class=\"elementor-spacer-inner\"><\/div>\n\t\t<\/div>\n\t\t\t\t\t\t<\/div>\n\t\t\t\t<\/div>\n\t\t\t\t\t<\/div>\n\t\t<\/div>\n\t\t\t\t\t<\/div>\n\t\t<\/section>\n\t\t\t\t\t<\/div>\n\t\t<\/div>\n\t\t\t\t\t<\/div>\n\t\t<\/section>\n\t\t\t\t<\/div>\n\t\t","protected":false},"excerpt":{"rendered":"<p>Politique de confidentialit\u00e9 Bienvenue sur le site internet de Domaine Shannon (domaineshannon.com) (ci-apr\u00e8s le \u00ab Site \u00bb). Ce Site appartient et est exploit\u00e9 par Domaine Shannon, soci\u00e9t\u00e9 valablement constitu\u00e9e selon la Loi sur les soci\u00e9t\u00e9s par actions. Vous trouverez ici notre politique de confidentialit\u00e9 en lien avec la consultation de ce site ainsi que les [&hellip;]<\/p>\n","protected":false},"author":1,"featured_media":1220,"parent":0,"menu_order":0,"comment_status":"closed","ping_status":"closed","template":"","meta":{"_acf_changed":false,"footnotes":""},"class_list":["post-5069","page","type-page","status-publish","has-post-thumbnail","hentry"],"acf":[],"_links":{"self":[{"href":"https:\/\/domaineshannon.com\/en\/wp-json\/wp\/v2\/pages\/5069","targetHints":{"allow":["GET"]}}],"collection":[{"href":"https:\/\/domaineshannon.com\/en\/wp-json\/wp\/v2\/pages"}],"about":[{"href":"https:\/\/domaineshannon.com\/en\/wp-json\/wp\/v2\/types\/page"}],"author":[{"embeddable":true,"href":"https:\/\/domaineshannon.com\/en\/wp-json\/wp\/v2\/users\/1"}],"replies":[{"embeddable":true,"href":"https:\/\/domaineshannon.com\/en\/wp-json\/wp\/v2\/comments?post=5069"}],"version-history":[{"count":31,"href":"https:\/\/domaineshannon.com\/en\/wp-json\/wp\/v2\/pages\/5069\/revisions"}],"predecessor-version":[{"id":5102,"href":"https:\/\/domaineshannon.com\/en\/wp-json\/wp\/v2\/pages\/5069\/revisions\/5102"}],"wp:featuredmedia":[{"embeddable":true,"href":"https:\/\/domaineshannon.com\/en\/wp-json\/wp\/v2\/media\/1220"}],"wp:attachment":[{"href":"https:\/\/domaineshannon.com\/en\/wp-json\/wp\/v2\/media?parent=5069"}],"curies":[{"name":"wp","href":"https:\/\/api.w.org\/{rel}","templated":true}]}}